{"id":10,"date":"2025-10-30T20:14:32","date_gmt":"2025-10-30T19:14:32","guid":{"rendered":"https:\/\/lesateliersdekerdrein.com\/?page_id=10"},"modified":"2025-11-17T21:38:32","modified_gmt":"2025-11-17T20:38:32","slug":"accueil","status":"publish","type":"page","link":"https:\/\/lesateliersdekerdrein.com\/en\/","title":{"rendered":"Home"},"content":{"rendered":"<figure class=\"wp-block-image size-full\"><img data-recalc-dims=\"1\" loading=\"lazy\" decoding=\"async\" width=\"984\" height=\"810\" data-attachment-id=\"65\" data-permalink=\"https:\/\/lesateliersdekerdrein.com\/en\/lesateliersdekerdrein-garage\/\" data-orig-file=\"https:\/\/i0.wp.com\/lesateliersdekerdrein.com\/wp-content\/uploads\/2025\/10\/lesateliersdekerdrein-garage.jpg?fit=984%2C810&amp;ssl=1\" data-orig-size=\"984,810\" data-comments-opened=\"1\" data-image-meta=\"{&quot;aperture&quot;:&quot;0&quot;,&quot;credit&quot;:&quot;&quot;,&quot;camera&quot;:&quot;&quot;,&quot;caption&quot;:&quot;&quot;,&quot;created_timestamp&quot;:&quot;0&quot;,&quot;copyright&quot;:&quot;&quot;,&quot;focal_length&quot;:&quot;0&quot;,&quot;iso&quot;:&quot;0&quot;,&quot;shutter_speed&quot;:&quot;0&quot;,&quot;title&quot;:&quot;&quot;,&quot;orientation&quot;:&quot;0&quot;}\" data-image-title=\"lesateliersdekerdrein-garage\" data-image-description=\"\" data-image-caption=\"\" data-large-file=\"https:\/\/i0.wp.com\/lesateliersdekerdrein.com\/wp-content\/uploads\/2025\/10\/lesateliersdekerdrein-garage.jpg?fit=984%2C810&amp;ssl=1\" src=\"https:\/\/i0.wp.com\/lesateliersdekerdrein.com\/wp-content\/uploads\/2025\/10\/lesateliersdekerdrein-garage.jpg?resize=984%2C810&#038;ssl=1\" alt class=\"wp-image-65\" srcset=\"https:\/\/i0.wp.com\/lesateliersdekerdrein.com\/wp-content\/uploads\/2025\/10\/lesateliersdekerdrein-garage.jpg?w=984&amp;ssl=1 984w, https:\/\/i0.wp.com\/lesateliersdekerdrein.com\/wp-content\/uploads\/2025\/10\/lesateliersdekerdrein-garage.jpg?resize=300%2C247&amp;ssl=1 300w, https:\/\/i0.wp.com\/lesateliersdekerdrein.com\/wp-content\/uploads\/2025\/10\/lesateliersdekerdrein-garage.jpg?resize=768%2C632&amp;ssl=1 768w, https:\/\/i0.wp.com\/lesateliersdekerdrein.com\/wp-content\/uploads\/2025\/10\/lesateliersdekerdrein-garage.jpg?resize=15%2C12&amp;ssl=1 15w\" sizes=\"auto, (max-width: 984px) 100vw, 984px\" \/><\/figure>\n\nLocated in Brittany, between the C\u00f4tes d'Armor and Finist\u00e8re departments, Les Ateliers de Kerdrein enjoys an idyllic and peaceful setting, away from prying eyes.\n\n<h3 class=\"wp-block-heading\">About us<\/h3>\n\n<p class=\"wp-block-paragraph\">As a leading figure in the world of classic cars and organiser of prestigious events (Tour Auto, Le Mans Classic, Chantilly Arts &amp; Elegance, etc.), Patrick Peter wanted to offer a comprehensive range of services to match his events in his chosen field. Managed by S\u00e9bastien Carm\u00e8s, a demanding enthusiast, Les Ateliers de Kerdrein aims to provide perfect services and therefore cars that can be used without the \"eternal risks of old cars\" that sometimes spoil the pleasure of new enthusiasts.<\/p>\n<p>Whether it is a question of maintenance, caretaking services, repairs or hire, Ateliers de Kerdrein leaves the pleasure of driving to you. Tailor-made offers for events such as the Tour Auto and the Rallye des Princesses are also available. Talk to us about your wishes, tell us about your projects, and we will take care of the rest!<\/p>","protected":false},"excerpt":{"rendered":"<p>Situ\u00e9s en Bretagne \u00e0 la limite des C\u00f4tes d\u2019Armor et du Finist\u00e8re, Les Ateliers de Kerdrein b\u00e9n\u00e9ficient d\u2019un cadre idyllique et paisible, \u00e0 l\u2019abri des regards indiscrets. Qui sommes-nous ? Signature du monde de l\u2019Automobile ancienne et organisateur d\u2019\u00e9v\u00e9nements prestigieux (Tour Auto, Le Mans Classic, Chantilly Arts &amp; Elegance\u2026), Patrick Peter a souhait\u00e9 proposer un [&hellip;]<\/p>\n","protected":false},"author":273031971,"featured_media":0,"parent":0,"menu_order":0,"comment_status":"closed","ping_status":"closed","template":"","meta":{"_crdt_document":"","advanced_seo_description":"","jetpack_seo_html_title":"","jetpack_seo_noindex":false,"footnotes":""},"class_list":["post-10","page","type-page","status-publish","hentry"],"jetpack_likes_enabled":true,"jetpack_sharing_enabled":true,"jetpack_shortlink":"https:\/\/wp.me\/PgTSMZ-a","jetpack-related-posts":[],"_links":{"self":[{"href":"https:\/\/lesateliersdekerdrein.com\/en\/wp-json\/wp\/v2\/pages\/10","targetHints":{"allow":["GET"]}}],"collection":[{"href":"https:\/\/lesateliersdekerdrein.com\/en\/wp-json\/wp\/v2\/pages"}],"about":[{"href":"https:\/\/lesateliersdekerdrein.com\/en\/wp-json\/wp\/v2\/types\/page"}],"author":[{"embeddable":true,"href":"https:\/\/lesateliersdekerdrein.com\/en\/wp-json\/wp\/v2\/users\/273031971"}],"replies":[{"embeddable":true,"href":"https:\/\/lesateliersdekerdrein.com\/en\/wp-json\/wp\/v2\/comments?post=10"}],"version-history":[{"count":55,"href":"https:\/\/lesateliersdekerdrein.com\/en\/wp-json\/wp\/v2\/pages\/10\/revisions"}],"predecessor-version":[{"id":452,"href":"https:\/\/lesateliersdekerdrein.com\/en\/wp-json\/wp\/v2\/pages\/10\/revisions\/452"}],"wp:attachment":[{"href":"https:\/\/lesateliersdekerdrein.com\/en\/wp-json\/wp\/v2\/media?parent=10"}],"curies":[{"name":"wp","href":"https:\/\/api.w.org\/{rel}","templated":true}]}}