{"id":13,"date":"2025-10-30T20:15:10","date_gmt":"2025-10-30T19:15:10","guid":{"rendered":"https:\/\/lesateliersdekerdrein.com\/?page_id=13"},"modified":"2025-11-16T18:26:48","modified_gmt":"2025-11-16T17:26:48","slug":"mecanique","status":"publish","type":"page","link":"https:\/\/lesateliersdekerdrein.com\/en\/mecanique\/","title":{"rendered":"Engineering"},"content":{"rendered":"<p>Specialising in classic, vintage and prestige cars, Ateliers de Kerdrein offers a premium mechanical restoration service. Like bodywork, the mechanics of these ladies require a very specific culture and knowledge, as each make and model has its own manual. Our general knowledge, our archives and our know-how enable us to work on a wide range of historic cars, from road cars to the sportiest!<\/p>","protected":false},"excerpt":{"rendered":"<p>Sp\u00e9cialis\u00e9s dans les voitures anciennes, de collection et de prestige, les Ateliers de Kerdrein vous proposent un service premium de restauration m\u00e9canique. A l\u2019image de la Carrosserie, la M\u00e9canique de ces dames demande une culture et des connaissances bien sp\u00e9cifiques puisque chaque marque, chaque mod\u00e8le, poss\u00e8de son propre manuel. Nos connaissances g\u00e9n\u00e9rales, nos archives et [&hellip;]<\/p>\n","protected":false},"author":273031971,"featured_media":69,"parent":0,"menu_order":0,"comment_status":"closed","ping_status":"closed","template":"","meta":{"_crdt_document":"","advanced_seo_description":"","jetpack_seo_html_title":"","jetpack_seo_noindex":false,"footnotes":""},"class_list":["post-13","page","type-page","status-publish","has-post-thumbnail","hentry"],"jetpack_likes_enabled":true,"jetpack_sharing_enabled":true,"jetpack_shortlink":"https:\/\/wp.me\/PgTSMZ-d","jetpack-related-posts":[],"_links":{"self":[{"href":"https:\/\/lesateliersdekerdrein.com\/en\/wp-json\/wp\/v2\/pages\/13","targetHints":{"allow":["GET"]}}],"collection":[{"href":"https:\/\/lesateliersdekerdrein.com\/en\/wp-json\/wp\/v2\/pages"}],"about":[{"href":"https:\/\/lesateliersdekerdrein.com\/en\/wp-json\/wp\/v2\/types\/page"}],"author":[{"embeddable":true,"href":"https:\/\/lesateliersdekerdrein.com\/en\/wp-json\/wp\/v2\/users\/273031971"}],"replies":[{"embeddable":true,"href":"https:\/\/lesateliersdekerdrein.com\/en\/wp-json\/wp\/v2\/comments?post=13"}],"version-history":[{"count":6,"href":"https:\/\/lesateliersdekerdrein.com\/en\/wp-json\/wp\/v2\/pages\/13\/revisions"}],"predecessor-version":[{"id":212,"href":"https:\/\/lesateliersdekerdrein.com\/en\/wp-json\/wp\/v2\/pages\/13\/revisions\/212"}],"wp:featuredmedia":[{"embeddable":true,"href":"https:\/\/lesateliersdekerdrein.com\/en\/wp-json\/wp\/v2\/media\/69"}],"wp:attachment":[{"href":"https:\/\/lesateliersdekerdrein.com\/en\/wp-json\/wp\/v2\/media?parent=13"}],"curies":[{"name":"wp","href":"https:\/\/api.w.org\/{rel}","templated":true}]}}