{"id":14,"date":"2025-10-30T20:15:16","date_gmt":"2025-10-30T19:15:16","guid":{"rendered":"https:\/\/lesateliersdekerdrein.com\/?page_id=14"},"modified":"2025-11-16T18:27:09","modified_gmt":"2025-11-16T17:27:09","slug":"sellerie","status":"publish","type":"page","link":"https:\/\/lesateliersdekerdrein.com\/en\/sellerie\/","title":{"rendered":"Upholstery"},"content":{"rendered":"<p>Whether faithful to the original or tailor-made, car upholstery is an art requiring precision and experience. Attentive to their customers\u2019 needs and highly demanding, Les Ateliers de Kerdrein offer a refurbishment, tailoring, adaptation, and bespoke creation service for classic cars. From seats and benches to gear levers and steering wheels, the interior of your car deserves special care. In addition to the specific features of each make and each type of upholstery, Les Ateliers\u2019 aim is to offer its customers a personalised experience in which each request is treated with care, adapted to their needs and requirements. We pay particular attention to the finishing touches and details that will make your car unique! Don\u2019t hesitate to contact us for more information or a quote.<\/p>","protected":false},"excerpt":{"rendered":"<p>Fid\u00e8le \u00e0 l\u2019originale ou tailor-made, la sellerie automobile est un Art qui demande de la pr\u00e9cision et de l\u2019exp\u00e9rience. \u00c0 l\u2019\u00e9coute de leur client\u00e8le et avec une grande exigence, Les Ateliers de Kerdrein proposent un service de remise en \u00e9tat, de confection, d\u2019adaptation ou de cr\u00e9ations sur-mesure pour les voitures anciennes. Des si\u00e8ges \/ banquettes, [&hellip;]<\/p>\n","protected":false},"author":273031971,"featured_media":68,"parent":0,"menu_order":0,"comment_status":"closed","ping_status":"closed","template":"","meta":{"_crdt_document":"","advanced_seo_description":"","jetpack_seo_html_title":"","jetpack_seo_noindex":false,"jetpack_post_was_ever_published":false,"footnotes":""},"class_list":["post-14","page","type-page","status-publish","has-post-thumbnail","hentry"],"jetpack_likes_enabled":true,"jetpack_sharing_enabled":true,"jetpack_shortlink":"https:\/\/wp.me\/PgTSMZ-e","jetpack-related-posts":[],"_links":{"self":[{"href":"https:\/\/lesateliersdekerdrein.com\/en\/wp-json\/wp\/v2\/pages\/14","targetHints":{"allow":["GET"]}}],"collection":[{"href":"https:\/\/lesateliersdekerdrein.com\/en\/wp-json\/wp\/v2\/pages"}],"about":[{"href":"https:\/\/lesateliersdekerdrein.com\/en\/wp-json\/wp\/v2\/types\/page"}],"author":[{"embeddable":true,"href":"https:\/\/lesateliersdekerdrein.com\/en\/wp-json\/wp\/v2\/users\/273031971"}],"replies":[{"embeddable":true,"href":"https:\/\/lesateliersdekerdrein.com\/en\/wp-json\/wp\/v2\/comments?post=14"}],"version-history":[{"count":4,"href":"https:\/\/lesateliersdekerdrein.com\/en\/wp-json\/wp\/v2\/pages\/14\/revisions"}],"predecessor-version":[{"id":213,"href":"https:\/\/lesateliersdekerdrein.com\/en\/wp-json\/wp\/v2\/pages\/14\/revisions\/213"}],"wp:featuredmedia":[{"embeddable":true,"href":"https:\/\/lesateliersdekerdrein.com\/en\/wp-json\/wp\/v2\/media\/68"}],"wp:attachment":[{"href":"https:\/\/lesateliersdekerdrein.com\/en\/wp-json\/wp\/v2\/media?parent=14"}],"curies":[{"name":"wp","href":"https:\/\/api.w.org\/{rel}","templated":true}]}}